{"id":8,"date":"2023-07-11T14:00:29","date_gmt":"2023-07-11T17:00:29","guid":{"rendered":"https:\/\/smseguranca.com.br\/?page_id=8"},"modified":"2024-09-07T12:00:59","modified_gmt":"2024-09-07T15:00:59","slug":"quem-somos","status":"publish","type":"page","link":"https:\/\/smseguranca.com.br\/?page_id=8","title":{"rendered":"Quem Somos"},"content":{"rendered":"\t\t<div data-elementor-type=\"wp-page\" data-elementor-id=\"8\" class=\"elementor elementor-8\">\n\t\t\t\t\t\t<section class=\"elementor-section elementor-top-section elementor-element elementor-element-545ae7ed elementor-section-boxed elementor-section-height-default elementor-section-height-default wpr-particle-no wpr-jarallax-no wpr-parallax-no wpr-sticky-section-no\" data-id=\"545ae7ed\" data-element_type=\"section\">\n\t\t\t\t\t\t<div class=\"elementor-container elementor-column-gap-default\">\n\t\t\t\t\t<div class=\"elementor-column elementor-col-100 elementor-top-column elementor-element elementor-element-6c6b6c8c\" data-id=\"6c6b6c8c\" data-element_type=\"column\">\n\t\t\t<div class=\"elementor-widget-wrap elementor-element-populated\">\n\t\t\t\t\t\t<div class=\"elementor-element elementor-element-c359d7c elementor-widget elementor-widget-text-editor\" data-id=\"c359d7c\" data-element_type=\"widget\" data-widget_type=\"text-editor.default\">\n\t\t\t\t<div class=\"elementor-widget-container\">\n\t\t\t<style>\/*! elementor - v3.23.0 - 05-08-2024 *\/\n.elementor-widget-text-editor.elementor-drop-cap-view-stacked .elementor-drop-cap{background-color:#69727d;color:#fff}.elementor-widget-text-editor.elementor-drop-cap-view-framed .elementor-drop-cap{color:#69727d;border:3px solid;background-color:transparent}.elementor-widget-text-editor:not(.elementor-drop-cap-view-default) .elementor-drop-cap{margin-top:8px}.elementor-widget-text-editor:not(.elementor-drop-cap-view-default) .elementor-drop-cap-letter{width:1em;height:1em}.elementor-widget-text-editor .elementor-drop-cap{float:left;text-align:center;line-height:1;font-size:50px}.elementor-widget-text-editor .elementor-drop-cap-letter{display:inline-block}<\/style>\t\t\t\t<p>A SM SEGURAN\u00c7A, \u00e9 uma Empresa com mais de 30 anos no mercado, atuando na \u00e1rea de fabrica\u00e7\u00e3o de luvas, aventais, perneiras, blusao, cal\u00e7a confeccionados em raspa groupon, vaqueta, pvc, lona e brim.<\/p><p>Trabalhamos tambem na distribui\u00e7\u00e3o \u00a0de botinas, luvas de latex, cremes, capacetes, botas de pvc, capa de chuva, respiradores, botas frigorificas, luvas malha de a\u00e7o, cones, coletes, cintas, protetor auricular, cinto de seguran\u00e7a, japonas e cal\u00e7as frigorificas, meiao, balaclava.Sempre atentos a evolu\u00e7\u00e3o do mercado, desenvolvemos junto de nossos clientes Produtos e Detalhes Especiais.<\/p><p>O controle da materia prima \u00e9 altamente selecionado, buscando garantir maior conforto e durabilidade ao usuario.\u00a0Somos comprometidos com nossos clientes e suas necesidades, garantindo um estoque \u00e1gil e eficiente.<br \/>Logistica &#8211; Estamos situados no Prado,com facil acesso a varios lugares,\u00a0garantindo assim uma entrega rapida e eficiente.<\/p><p><strong>VIS\u00c3O<\/strong><br \/>Com transpar\u00eancia busca apresentar ao cliente os conhecimentos adquiridos atrav\u00e9s de experi\u00eancia e inovando com qualidade a execu\u00e7\u00e3o dos seus servi\u00e7os.<\/p><p><strong>MISS\u00c3O<\/strong><br \/>Oferecer aos clientes a melhor op\u00e7\u00e3o de EPI, trabalhando com transpar\u00eancia seguran\u00e7a qualidade e responsabilidade em tempo h\u00e1bil.<\/p>\t\t\t\t\t\t<\/div>\n\t\t\t\t<\/div>\n\t\t\t\t\t<\/div>\n\t\t<\/div>\n\t\t\t\t\t<\/div>\n\t\t<\/section>\n\t\t<div class=\"elementor-element elementor-element-2e7d56d8 e-flex e-con-boxed wpr-particle-no wpr-jarallax-no wpr-parallax-no wpr-sticky-section-no e-con e-parent\" data-id=\"2e7d56d8\" data-element_type=\"container\">\n\t\t\t\t\t<div class=\"e-con-inner\">\n\t\t\t\t<div class=\"elementor-element elementor-element-6aeca5cb elementor-widget elementor-widget-spacer\" data-id=\"6aeca5cb\" data-element_type=\"widget\" data-widget_type=\"spacer.default\">\n\t\t\t\t<div class=\"elementor-widget-container\">\n\t\t\t<style>\/*! elementor - v3.23.0 - 05-08-2024 *\/\n.elementor-column .elementor-spacer-inner{height:var(--spacer-size)}.e-con{--container-widget-width:100%}.e-con-inner>.elementor-widget-spacer,.e-con>.elementor-widget-spacer{width:var(--container-widget-width,var(--spacer-size));--align-self:var(--container-widget-align-self,initial);--flex-shrink:0}.e-con-inner>.elementor-widget-spacer>.elementor-widget-container,.e-con>.elementor-widget-spacer>.elementor-widget-container{height:100%;width:100%}.e-con-inner>.elementor-widget-spacer>.elementor-widget-container>.elementor-spacer,.e-con>.elementor-widget-spacer>.elementor-widget-container>.elementor-spacer{height:100%}.e-con-inner>.elementor-widget-spacer>.elementor-widget-container>.elementor-spacer>.elementor-spacer-inner,.e-con>.elementor-widget-spacer>.elementor-widget-container>.elementor-spacer>.elementor-spacer-inner{height:var(--container-widget-height,var(--spacer-size))}.e-con-inner>.elementor-widget-spacer.elementor-widget-empty,.e-con>.elementor-widget-spacer.elementor-widget-empty{position:relative;min-height:22px;min-width:22px}.e-con-inner>.elementor-widget-spacer.elementor-widget-empty .elementor-widget-empty-icon,.e-con>.elementor-widget-spacer.elementor-widget-empty .elementor-widget-empty-icon{position:absolute;top:0;bottom:0;left:0;right:0;margin:auto;padding:0;width:22px;height:22px}<\/style>\t\t<div class=\"elementor-spacer\">\n\t\t\t<div class=\"elementor-spacer-inner\"><\/div>\n\t\t<\/div>\n\t\t\t\t<\/div>\n\t\t\t\t<\/div>\n\t\t\t\t\t<\/div>\n\t\t\t\t<\/div>\n\t\t<div class=\"elementor-element elementor-element-5b21669 e-flex e-con-boxed wpr-particle-no wpr-jarallax-no wpr-parallax-no wpr-sticky-section-no e-con e-parent\" data-id=\"5b21669\" data-element_type=\"container\">\n\t\t\t\t\t<div class=\"e-con-inner\">\n\t\t\t\t<div class=\"elementor-element elementor-element-4dd31d9 elementor-widget elementor-widget-text-editor\" data-id=\"4dd31d9\" data-element_type=\"widget\" data-widget_type=\"text-editor.default\">\n\t\t\t\t<div class=\"elementor-widget-container\">\n\t\t\t\t\t\t\t<h2 style=\"text-align: center;\" align=\"center\"><span style=\"font-size: 14pt;\"><strong>FACHADA DA FABRICA SM SEGURAN\u00c7A<\/strong><\/span><\/h2>\t\t\t\t\t\t<\/div>\n\t\t\t\t<\/div>\n\t\t\t\t<div class=\"elementor-element elementor-element-91841e4 elementor-widget elementor-widget-image\" data-id=\"91841e4\" data-element_type=\"widget\" data-widget_type=\"image.default\">\n\t\t\t\t<div class=\"elementor-widget-container\">\n\t\t\t<style>\/*! elementor - v3.23.0 - 05-08-2024 *\/\n.elementor-widget-image{text-align:center}.elementor-widget-image a{display:inline-block}.elementor-widget-image a img[src$=\".svg\"]{width:48px}.elementor-widget-image img{vertical-align:middle;display:inline-block}<\/style>\t\t\t\t\t\t\t\t\t\t<img fetchpriority=\"high\" decoding=\"async\" width=\"1024\" height=\"400\" src=\"https:\/\/smseguranca.com.br\/wp-content\/uploads\/2024\/09\/fachada-sm-seguranca-1024x400.jpg\" class=\"attachment-large size-large wp-image-564\" alt=\"\" srcset=\"https:\/\/smseguranca.com.br\/wp-content\/uploads\/2024\/09\/fachada-sm-seguranca-1024x400.jpg 1024w, https:\/\/smseguranca.com.br\/wp-content\/uploads\/2024\/09\/fachada-sm-seguranca-300x117.jpg 300w, https:\/\/smseguranca.com.br\/wp-content\/uploads\/2024\/09\/fachada-sm-seguranca-768x300.jpg 768w, https:\/\/smseguranca.com.br\/wp-content\/uploads\/2024\/09\/fachada-sm-seguranca.jpg 1092w\" sizes=\"(max-width: 1024px) 100vw, 1024px\" \/>\t\t\t\t\t\t\t\t\t\t\t\t\t<\/div>\n\t\t\t\t<\/div>\n\t\t\t\t<div class=\"elementor-element elementor-element-6b9e285 elementor-widget elementor-widget-text-editor\" data-id=\"6b9e285\" data-element_type=\"widget\" data-widget_type=\"text-editor.default\">\n\t\t\t\t<div class=\"elementor-widget-container\">\n\t\t\t\t\t\t\t<h2 align=\"center\"><b>NOSSA FABRICA\u00c7\u00c3O<\/b><\/h2>\t\t\t\t\t\t<\/div>\n\t\t\t\t<\/div>\n\t\t\t\t<div class=\"elementor-element elementor-element-d41e82f elementor-widget elementor-widget-image\" data-id=\"d41e82f\" data-element_type=\"widget\" data-widget_type=\"image.default\">\n\t\t\t\t<div class=\"elementor-widget-container\">\n\t\t\t\t\t\t\t\t\t\t\t\t\t<img decoding=\"async\" width=\"1024\" height=\"773\" src=\"https:\/\/smseguranca.com.br\/wp-content\/uploads\/2024\/09\/loja-1024x773.jpg\" class=\"attachment-large size-large wp-image-567\" alt=\"\" srcset=\"https:\/\/smseguranca.com.br\/wp-content\/uploads\/2024\/09\/loja-1024x773.jpg 1024w, https:\/\/smseguranca.com.br\/wp-content\/uploads\/2024\/09\/loja-300x226.jpg 300w, https:\/\/smseguranca.com.br\/wp-content\/uploads\/2024\/09\/loja-768x580.jpg 768w, https:\/\/smseguranca.com.br\/wp-content\/uploads\/2024\/09\/loja.jpg 1092w\" sizes=\"(max-width: 1024px) 100vw, 1024px\" \/>\t\t\t\t\t\t\t\t\t\t\t\t\t<\/div>\n\t\t\t\t<\/div>\n\t\t\t\t<div class=\"elementor-element elementor-element-03fb68e elementor-widget elementor-widget-text-editor\" data-id=\"03fb68e\" data-element_type=\"widget\" data-widget_type=\"text-editor.default\">\n\t\t\t\t<div class=\"elementor-widget-container\">\n\t\t\t\t\t\t\t<div class=\"wrapper\"><p align=\"center\"><span style=\"font-size: 14pt;\"><strong>Aqui os clientes encontram excel\u00eancia em atendimento e servi\u00e7o diferenciado.<\/strong><\/span><\/p><\/div><p class=\"buttons\" style=\"text-align: center;\">\u00a0<\/p>\t\t\t\t\t\t<\/div>\n\t\t\t\t<\/div>\n\t\t\t\t\t<\/div>\n\t\t\t\t<\/div>\n\t\t\t\t<\/div>\n\t\t","protected":false},"excerpt":{"rendered":"<p>A SM SEGURAN\u00c7A, \u00e9 uma Empresa com mais de 30 anos no mercado, atuando na \u00e1rea de fabrica\u00e7\u00e3o de luvas, aventais, perneiras, blusao, cal\u00e7a confeccionados em raspa groupon, vaqueta, pvc, lona e brim. Trabalhamos tambem na distribui\u00e7\u00e3o \u00a0de botinas, luvas de latex, cremes, capacetes, botas de pvc, capa de chuva, respiradores, botas frigorificas, luvas malha [&hellip;]<\/p>\n","protected":false},"author":1,"featured_media":0,"parent":0,"menu_order":0,"comment_status":"closed","ping_status":"closed","template":"","meta":{"footnotes":""},"class_list":["post-8","page","type-page","status-publish","hentry"],"blocksy_meta":[],"_links":{"self":[{"href":"https:\/\/smseguranca.com.br\/index.php?rest_route=\/wp\/v2\/pages\/8","targetHints":{"allow":["GET"]}}],"collection":[{"href":"https:\/\/smseguranca.com.br\/index.php?rest_route=\/wp\/v2\/pages"}],"about":[{"href":"https:\/\/smseguranca.com.br\/index.php?rest_route=\/wp\/v2\/types\/page"}],"author":[{"embeddable":true,"href":"https:\/\/smseguranca.com.br\/index.php?rest_route=\/wp\/v2\/users\/1"}],"replies":[{"embeddable":true,"href":"https:\/\/smseguranca.com.br\/index.php?rest_route=%2Fwp%2Fv2%2Fcomments&post=8"}],"version-history":[{"count":34,"href":"https:\/\/smseguranca.com.br\/index.php?rest_route=\/wp\/v2\/pages\/8\/revisions"}],"predecessor-version":[{"id":747,"href":"https:\/\/smseguranca.com.br\/index.php?rest_route=\/wp\/v2\/pages\/8\/revisions\/747"}],"wp:attachment":[{"href":"https:\/\/smseguranca.com.br\/index.php?rest_route=%2Fwp%2Fv2%2Fmedia&parent=8"}],"curies":[{"name":"wp","href":"https:\/\/api.w.org\/{rel}","templated":true}]}}